{"id":8,"date":"2020-03-29T23:09:15","date_gmt":"2020-03-29T21:09:15","guid":{"rendered":"https:\/\/mayucca.fr\/?page_id=8"},"modified":"2024-05-20T19:17:11","modified_gmt":"2024-05-20T17:17:11","slug":"menu-soir","status":"publish","type":"page","link":"https:\/\/mayucca.fr\/index.php\/menu-soir\/","title":{"rendered":"Menu Soir"},"content":{"rendered":"<p><strong>vous pouvez trouver le menu pour plat emporter \u00e0 la page \u00e0 emporter\u00a0<\/strong><\/p>\n<p>&nbsp;<\/p>\n<p><em><strong>Menu de soir 35\u20ac\u00a0<\/strong><\/em><\/p>\n<p><em><strong>Entree<\/strong><\/em><\/p>\n<p>Salade ma yucca (mesclun, germe de soja, poivrons, haricot vert, concombre, tomates, oeuf\u00a0 mollet, sauce\u00a0 sesames)\u00a0 \u00a0 \u00a0 \u00a0 12\u20ac<\/p>\n<p>Carpaccio de daurade, mozzarella buffala, sauce soja au citron vert,cebettes, tomates\u00a0 \u00a0 \u00a0 \u00a014\u20ac<\/p>\n<p>Entree de la semaine\u00a0 \u00a0 \u00a0 14\u20ac<\/p>\n<p><em><strong>Plat<\/strong><\/em><\/p>\n<p>Saumon poele, sauce soja au citron vert, ratatouille au miso \u00a0 \u00a0 \u00a0 \u00a0 \u00a0 17\u20ac<\/p>\n<p>Poulet frits, puree patate douce, sauce sesames \u00a0 \u00a0 \u00a0 \u00a0 \u00a0 \u00a0 \u00a0 \u00a0 \u00a0 \u00a0 \u00a0 \u00a0 \u00a0 \u00a0 \u00a0 17\u20ac<\/p>\n<p>Magret de canard, sauce teriyaki,legumes saute (menu +4\u20ac) \u00a0 \u00a0 \u00a021\u20ac<br \/>\nKatsudon 16\u20ac<\/p>\n<p>Gyudon vegetarian 16\u20ac<br \/>\nEntrecote po\u00eal\u00e9 sauce barbecue \u00e0 la japonaise (menu +4\u20ac)21\u20ac<\/p>\n<p>plat du jour<\/p>\n<p><em><strong>Dessert<\/strong> (7\u20ac sauf assortiment)<\/em><\/p>\n<p>Creme brulee\u00a0 de la semaine<\/p>\n<p>Fondant au chocolat, glace the vert ou vanille<\/p>\n<p>Dessert de la semaine<\/p>\n<p>Assortiment de dessert (3sortes)\u00a0 \u00a0 \u00a0 \u00a0 \u00a0 9\u20ac<\/p>\n<p><em><strong>\u30c7\u30a3\u30ca\u30fc\u30e1\u30cb\u30e5\u30fc\u3000\u3000<\/strong>\uff135\u30e6\u30fc\u30ed<\/em><\/p>\n<p><em><strong>\u524d\u83dc<\/strong><\/em><\/p>\n<ul>\n<li>\u30de\u30e6\u30c3\u30ab\u30b5\u30e9\u30c0\uff08\u30b5\u30e9\u30c0\u3001\u3082\u3084\u3057\u3001\u30d4\u30fc\u30de\u30f3\u3001\u30a4\u30f3\u30b2\u30f3\u3001<wbr \/>\u30ad\u30e5\u30a6\u30ea\u3001\u30c8\u30de\u30c8\u3001\u6e29\u6cc9\u5375\u3001\u30b4\u30de\u30bd\u30fc\u30b912\u20ac<\/li>\n<li>\u9bdb\u3001\u30e2\u30c3\u30c4\u30a1\u30ec\u30e9\u30c1\u30fc\u30ba\u3001\u30e9\u30a4\u30e0\u30dd\u30f3\u9162\u00a0 \u00a0 14\u20ac<\/li>\n<li>\u4eca\u9031\u306e\u524d\u83dc\u00a0 \u00a0 \u00a0 \u00a0 \u00a014\u20ac<\/li>\n<\/ul>\n<p><em><strong>\u30e1\u30a4\u30f3\u6599\u7406<\/strong><\/em><\/p>\n<ul>\n<li>\u30b5\u30fc\u30e2\u30f3\u306e\u30dd\u30ef\u30ec\u3001\u30e9\u30a4\u30e0\u30dd\u30f3\u9162\u3001\u5473\u564c\u98a8\u5473\u306e\u30e9\u30bf\u30c8\u30a5\u30a4\u30e6\u300017\u20ac<\/li>\n<li>\u9d8f\u3082\u3082\u8089\u306e\u7adc\u7530\u63da\u3052\u3001\u30b5\u30c4\u30de\u30a4\u30e2\u306e\u30d4\u30e5\u30fc\u30ec\u3068\u80e1\u9ebb\u30bd\u30fc\u30b9\u00a0 \u00a0 \u00a0 \u00a0 \u00a0 17\u20ac<\/li>\n<li>\u9d28\u306e\u7167\u308a\u713c\u304d\u3001\u713c\u304d\u91ce\u83dc \u00a0 \u00a0 \u00a0 \u00a0 \u00a021\u20ac<\/li>\n<li>\u4eca\u9031\u306e\u30e1\u30a4\u30f3\u30d7\u30ec\u30fc\u30c8\u00a0 \u00a0 \u00a0 17\u20ac<\/li>\n<\/ul>\n<p>\u30c7\u30b6\u30fc\u30c8(\u76db\u308a\u5408\u308f\u305b\u4ee5\u5916\u306f\u3059\u3079\u30667\u20ac)<\/p>\n<p>\u4eca\u9031\u306e\u30af\u30ec\u30fc\u30e0\u30d6\u30ea\u30e5\u30ec<\/p>\n<p>\u30c1\u30e7\u30b3\u30ec\u30fc\u30c8\u30d5\u30a9\u30f3\u30c0\u30f3\u3001\u62b9\u8336\u30a2\u30a4\u30b9\u00a0\u53c8\u306f\u00a0\u30d0\u30cb\u30e9\u30a2\u30a4\u30b9<\/p>\n<p>\u4eca\u9031\u306e\u30c7\u30b6\u30fc\u30c8<\/p>\n<p>\u30c7\u30b6\u30fc\u30c8\u306e\u4e09\u7a2e\u76db\u308a\u5408\u308f\u305b 9\u20ac<\/p>\n<p><em><strong>Menu\u00a0 \u00a0 35\u20ac<\/strong><\/em><\/p>\n<p>Mayucca salad (salad, sprouts, peppers, green beans, cucumber, tomatoes, hot spring eggs, sesame sauce)12\u20ac<\/p>\n<p>Sea bream carpaccio mozzarella cheese, soya sauce with lime\u00a0 \u00a0 14\u20ac<\/p>\n<p><em>Main dishes<\/em><\/p>\n<p>Grilled salmon with\u00a0 ratatouille miso flavor , lime soya sauce\u00a0 17\u20ac<\/p>\n<p>Deep fried chicken , sweet potato puree and sesame sauce\u00a0 17\u20ac<\/p>\n<p>Pork fillet cutlet, sweet potato puree, tartar sauce\u00a0 17\u20ac<\/p>\n<p>Teriyaki duck, grilled vegetables \u00a0 \u00a0 \u00a0 \u00a0 21\u20ac<\/p>\n<p>Main plate of the week<\/p>\n<p><em><strong>Dessert<\/strong>(7\u20ac)for everiything except assorted desserts)<\/em><\/p>\n<p>Creme brulee of the week<\/p>\n<p>Chocolate fondant, matcha ice cream or vanilla ice cream<\/p>\n<p>This week&#8217;s dessert<\/p>\n<p>Assorted desserts\u00a0 \u00a0(9\u20ac)<\/p>\n","protected":false},"excerpt":{"rendered":"<p>vous pouvez trouver le menu pour plat emporter \u00e0 la page \u00e0 emporter\u00a0 &nbsp; Menu de soir 35\u20ac\u00a0 Entree Salade ma yucca (mesclun, germe de soja, poivrons, haricot vert, concombre, tomates, oeuf\u00a0 mollet, sauce\u00a0 sesames)\u00a0 \u00a0 \u00a0 \u00a0 12\u20ac Carpaccio de daurade, mozzarella buffala, sauce&hellip;<\/p>\n","protected":false},"author":1,"featured_media":0,"parent":0,"menu_order":0,"comment_status":"closed","ping_status":"closed","template":"","meta":{"spay_email":"","footnotes":""},"yoast_head":"<!-- This site is optimized with the Yoast SEO plugin v16.8 - https:\/\/yoast.com\/wordpress\/plugins\/seo\/ -->\n<title>Menu Soir - Ma Yucca<\/title>\n<meta name=\"robots\" content=\"index, follow, max-snippet:-1, max-image-preview:large, max-video-preview:-1\" \/>\n<link rel=\"canonical\" href=\"https:\/\/mayucca.fr\/index.php\/menu-soir\/\" \/>\n<meta property=\"og:locale\" content=\"fr_FR\" \/>\n<meta property=\"og:type\" content=\"article\" \/>\n<meta property=\"og:title\" content=\"Menu Soir - Ma Yucca\" \/>\n<meta property=\"og:description\" content=\"vous pouvez trouver le menu pour plat emporter \u00e0 la page \u00e0 emporter\u00a0 &nbsp; Menu de soir 35\u20ac\u00a0 Entree Salade ma yucca (mesclun, germe de soja, poivrons, haricot vert, concombre, tomates, oeuf\u00a0 mollet, sauce\u00a0 sesames)\u00a0 \u00a0 \u00a0 \u00a0 12\u20ac Carpaccio de daurade, mozzarella buffala, sauce&hellip;\" \/>\n<meta property=\"og:url\" content=\"https:\/\/mayucca.fr\/index.php\/menu-soir\/\" \/>\n<meta property=\"og:site_name\" content=\"Ma Yucca\" \/>\n<meta property=\"article:modified_time\" content=\"2024-05-20T17:17:11+00:00\" \/>\n<meta name=\"twitter:card\" content=\"summary_large_image\" \/>\n<meta name=\"twitter:label1\" content=\"Dur\u00e9e de lecture est.\" \/>\n\t<meta name=\"twitter:data1\" content=\"2 minutes\" \/>\n<script type=\"application\/ld+json\" class=\"yoast-schema-graph\">{\"@context\":\"https:\/\/schema.org\",\"@graph\":[{\"@type\":\"WebSite\",\"@id\":\"https:\/\/mayucca.fr\/#website\",\"url\":\"https:\/\/mayucca.fr\/\",\"name\":\"Ma Yucca\",\"description\":\"Restaurant franco-japonais \\u00e0 Nice\",\"potentialAction\":[{\"@type\":\"SearchAction\",\"target\":{\"@type\":\"EntryPoint\",\"urlTemplate\":\"https:\/\/mayucca.fr\/?s={search_term_string}\"},\"query-input\":\"required name=search_term_string\"}],\"inLanguage\":\"fr-FR\"},{\"@type\":\"WebPage\",\"@id\":\"https:\/\/mayucca.fr\/index.php\/menu-soir\/#webpage\",\"url\":\"https:\/\/mayucca.fr\/index.php\/menu-soir\/\",\"name\":\"Menu Soir - Ma Yucca\",\"isPartOf\":{\"@id\":\"https:\/\/mayucca.fr\/#website\"},\"datePublished\":\"2020-03-29T21:09:15+00:00\",\"dateModified\":\"2024-05-20T17:17:11+00:00\",\"breadcrumb\":{\"@id\":\"https:\/\/mayucca.fr\/index.php\/menu-soir\/#breadcrumb\"},\"inLanguage\":\"fr-FR\",\"potentialAction\":[{\"@type\":\"ReadAction\",\"target\":[\"https:\/\/mayucca.fr\/index.php\/menu-soir\/\"]}]},{\"@type\":\"BreadcrumbList\",\"@id\":\"https:\/\/mayucca.fr\/index.php\/menu-soir\/#breadcrumb\",\"itemListElement\":[{\"@type\":\"ListItem\",\"position\":1,\"name\":\"Accueil\",\"item\":\"https:\/\/mayucca.fr\/\"},{\"@type\":\"ListItem\",\"position\":2,\"name\":\"Menu Soir\"}]}]}<\/script>\n<!-- \/ Yoast SEO plugin. -->","yoast_head_json":{"title":"Menu Soir - Ma Yucca","robots":{"index":"index","follow":"follow","max-snippet":"max-snippet:-1","max-image-preview":"max-image-preview:large","max-video-preview":"max-video-preview:-1"},"canonical":"https:\/\/mayucca.fr\/index.php\/menu-soir\/","og_locale":"fr_FR","og_type":"article","og_title":"Menu Soir - Ma Yucca","og_description":"vous pouvez trouver le menu pour plat emporter \u00e0 la page \u00e0 emporter\u00a0 &nbsp; Menu de soir 35\u20ac\u00a0 Entree Salade ma yucca (mesclun, germe de soja, poivrons, haricot vert, concombre, tomates, oeuf\u00a0 mollet, sauce\u00a0 sesames)\u00a0 \u00a0 \u00a0 \u00a0 12\u20ac Carpaccio de daurade, mozzarella buffala, sauce&hellip;","og_url":"https:\/\/mayucca.fr\/index.php\/menu-soir\/","og_site_name":"Ma Yucca","article_modified_time":"2024-05-20T17:17:11+00:00","twitter_card":"summary_large_image","twitter_misc":{"Dur\u00e9e de lecture est.":"2 minutes"},"schema":{"@context":"https:\/\/schema.org","@graph":[{"@type":"WebSite","@id":"https:\/\/mayucca.fr\/#website","url":"https:\/\/mayucca.fr\/","name":"Ma Yucca","description":"Restaurant franco-japonais \u00e0 Nice","potentialAction":[{"@type":"SearchAction","target":{"@type":"EntryPoint","urlTemplate":"https:\/\/mayucca.fr\/?s={search_term_string}"},"query-input":"required name=search_term_string"}],"inLanguage":"fr-FR"},{"@type":"WebPage","@id":"https:\/\/mayucca.fr\/index.php\/menu-soir\/#webpage","url":"https:\/\/mayucca.fr\/index.php\/menu-soir\/","name":"Menu Soir - Ma Yucca","isPartOf":{"@id":"https:\/\/mayucca.fr\/#website"},"datePublished":"2020-03-29T21:09:15+00:00","dateModified":"2024-05-20T17:17:11+00:00","breadcrumb":{"@id":"https:\/\/mayucca.fr\/index.php\/menu-soir\/#breadcrumb"},"inLanguage":"fr-FR","potentialAction":[{"@type":"ReadAction","target":["https:\/\/mayucca.fr\/index.php\/menu-soir\/"]}]},{"@type":"BreadcrumbList","@id":"https:\/\/mayucca.fr\/index.php\/menu-soir\/#breadcrumb","itemListElement":[{"@type":"ListItem","position":1,"name":"Accueil","item":"https:\/\/mayucca.fr\/"},{"@type":"ListItem","position":2,"name":"Menu Soir"}]}]}},"_links":{"self":[{"href":"https:\/\/mayucca.fr\/index.php\/wp-json\/wp\/v2\/pages\/8"}],"collection":[{"href":"https:\/\/mayucca.fr\/index.php\/wp-json\/wp\/v2\/pages"}],"about":[{"href":"https:\/\/mayucca.fr\/index.php\/wp-json\/wp\/v2\/types\/page"}],"author":[{"embeddable":true,"href":"https:\/\/mayucca.fr\/index.php\/wp-json\/wp\/v2\/users\/1"}],"replies":[{"embeddable":true,"href":"https:\/\/mayucca.fr\/index.php\/wp-json\/wp\/v2\/comments?post=8"}],"version-history":[{"count":21,"href":"https:\/\/mayucca.fr\/index.php\/wp-json\/wp\/v2\/pages\/8\/revisions"}],"predecessor-version":[{"id":488,"href":"https:\/\/mayucca.fr\/index.php\/wp-json\/wp\/v2\/pages\/8\/revisions\/488"}],"wp:attachment":[{"href":"https:\/\/mayucca.fr\/index.php\/wp-json\/wp\/v2\/media?parent=8"}],"curies":[{"name":"wp","href":"https:\/\/api.w.org\/{rel}","templated":true}]}}